{"id":800,"date":"2023-09-26T13:44:28","date_gmt":"2023-09-26T11:44:28","guid":{"rendered":"https:\/\/fop25.pl\/?page_id=800"},"modified":"2024-07-30T15:59:31","modified_gmt":"2024-07-30T13:59:31","slug":"galeria","status":"publish","type":"page","link":"https:\/\/fop25.pl\/en\/galeria\/","title":{"rendered":"Gallery"},"content":{"rendered":"<p>[et_pb_section fb_built=&#8221;1&#8243; _builder_version=&#8221;4.22.2&#8243; _module_preset=&#8221;default&#8221; custom_margin=&#8221;-128px||||false|false&#8221; custom_margin_tablet=&#8221;0px||||false|false&#8221; custom_margin_phone=&#8221;0px||||false|false&#8221; custom_margin_last_edited=&#8221;on|tablet&#8221; custom_padding=&#8221;0px||0px||false|false&#8221; custom_css_main_element=&#8221;background: linear-gradient(to bottom right,rgb(249 176 27 \/ 25%) 0%,rgba(255,255,255,0.00) 50%) bottom right \/ 50% 50% no-repeat,linear-gradient(to bottom left,rgb(249 176 27 \/ 25%) 0%,rgba(255,255,255,0.00) 50%) bottom left \/ 50% 50% no-repeat,linear-gradient(to top left,rgb(249 176 27 \/ 25%) 0%,rgba(255,255,255,0.00) 50%) top left \/ 50% 50% no-repeat,linear-gradient(to top right,rgb(249 176 27 \/ 25%) 0%,rgba(255,255,255,0.00) 50%) top right \/ 50% 50% no-repeat;&#8221; locked=&#8221;off&#8221; global_colors_info=&#8221;{}&#8221;][et_pb_row custom_padding_last_edited=&#8221;on|desktop&#8221; _builder_version=&#8221;4.22.2&#8243; _module_preset=&#8221;default&#8221; custom_padding=&#8221;248px||120px||false|false&#8221; custom_padding_tablet=&#8221;80px||80px||true|false&#8221; custom_padding_phone=&#8221;64px||64px||true|false&#8221; global_colors_info=&#8221;{}&#8221;][et_pb_column type=&#8221;4_4&#8243; _builder_version=&#8221;4.22.2&#8243; _module_preset=&#8221;default&#8221; global_colors_info=&#8221;{}&#8221;][et_pb_text module_class=&#8221;gradient-text&#8221; _builder_version=&#8221;4.23.1&#8243; _module_preset=&#8221;default&#8221; header_3_font=&#8221;|600|||||||&#8221; header_3_text_align=&#8221;center&#8221; header_3_font_size=&#8221;48px&#8221; header_3_line_height=&#8221;64px&#8221; text_orientation=&#8221;center&#8221; custom_margin=&#8221;||0px||false|false&#8221; custom_padding=&#8221;0px||24px||false|false&#8221; header_3_font_size_tablet=&#8221;40px&#8221; header_3_font_size_phone=&#8221;24px&#8221; header_3_font_size_last_edited=&#8221;on|phone&#8221; header_3_line_height_tablet=&#8221;48px&#8221; header_3_line_height_phone=&#8221;32px&#8221; header_3_line_height_last_edited=&#8221;on|phone&#8221; global_colors_info=&#8221;{}&#8221;]<\/p>\n<h3 class=\"pb-0\">#FOP25<\/h3>\n<p>[\/et_pb_text][et_pb_text _builder_version=&#8221;4.23&#8243; _dynamic_attributes=&#8221;content&#8221; _module_preset=&#8221;default&#8221; header_font=&#8221;|600||on|||||&#8221; header_text_align=&#8221;center&#8221; header_font_size=&#8221;80px&#8221; header_line_height=&#8221;88px&#8221; custom_margin=&#8221;||0px||false|false&#8221; custom_padding=&#8221;||40px||false|false&#8221; header_font_size_tablet=&#8221;64px&#8221; header_font_size_phone=&#8221;48px&#8221; header_font_size_last_edited=&#8221;on|phone&#8221; header_line_height_tablet=&#8221;72px&#8221; header_line_height_phone=&#8221;56px&#8221; header_line_height_last_edited=&#8221;on|tablet&#8221; global_colors_info=&#8221;{}&#8221;]@ET-DC@eyJkeW5hbWljIjp0cnVlLCJjb250ZW50IjoicG9zdF90aXRsZSIsInNldHRpbmdzIjp7ImJlZm9yZSI6IjxoMSBjbGFzcz1cInBiLTBcIj4iLCJhZnRlciI6IjwvaDE+In19@[\/et_pb_text][et_pb_text _builder_version=&#8221;4.23.1&#8243; _module_preset=&#8221;default&#8221; text_font_size=&#8221;18px&#8221; text_line_height=&#8221;26px&#8221; text_orientation=&#8221;center&#8221; max_width=&#8221;75%&#8221; max_width_tablet=&#8221;100%&#8221; max_width_phone=&#8221;100%&#8221; max_width_last_edited=&#8221;on|phone&#8221; module_alignment=&#8221;center&#8221; custom_margin=&#8221;||0px||false|false&#8221; custom_padding=&#8221;||0px||false|false&#8221; hover_enabled=&#8221;0&#8243; text_font_size_tablet=&#8221;16px&#8221; text_font_size_phone=&#8221;16px&#8221; text_font_size_last_edited=&#8221;on|tablet&#8221; text_line_height_tablet=&#8221;24px&#8221; text_line_height_phone=&#8221;24px&#8221; text_line_height_last_edited=&#8221;on|tablet&#8221; global_colors_info=&#8221;{}&#8221; locked=&#8221;off&#8221; sticky_enabled=&#8221;0&#8243;]Zapraszamy do obejrzenia galerii zdj\u0119\u0107 z ostatnich edycji Forum Organizacji Pacjent\u00f3w. Nasza galeria oferuje wgl\u0105d w\u00a0dynamiczn\u0105 atmosfer\u0119 wydarzenia, przedstawiaj\u0105c zar\u00f3wno momenty z&nbsp;dyskusji panelowych, jak i\u00a0nieformalne spotkania uczestnik\u00f3w. Zdj\u0119cia ukazuj\u0105 zaanga\u017cowanie i\u00a0pasj\u0119 lider\u00f3w organizacji pacjent\u00f3w oraz ekspert\u00f3w z\u00a0r\u00f3\u017cnych dziedzin, kt\u00f3rzy wsp\u00f3lnie d\u0105\u017c\u0105 do poprawy system\u00f3w ochrony zdrowia. Zapraszamy do zapoznania si\u0119 z\u00a0bogactwem do\u015bwiadcze\u0144 i&nbsp;inspiruj\u0105cymi momentami, kt\u00f3re co roku gromadz\u0105 si\u0119 na naszym Forum.[\/et_pb_text][\/et_pb_column][\/et_pb_row][\/et_pb_section][et_pb_section fb_built=&#8221;1&#8243; custom_padding_last_edited=&#8221;on|phone&#8221; _builder_version=&#8221;4.22.2&#8243; _module_preset=&#8221;default&#8221; custom_padding=&#8221;0px||120px||false|false&#8221; custom_padding_tablet=&#8221;0px||80px||false|false&#8221; custom_padding_phone=&#8221;0px||64px||false|false&#8221; border_width_bottom=&#8221;1px&#8221; border_color_bottom=&#8221;#eaeaea&#8221; global_colors_info=&#8221;{}&#8221;][et_pb_row _builder_version=&#8221;4.22.2&#8243; _module_preset=&#8221;default&#8221; custom_padding=&#8221;0px||0px||false|false&#8221; global_colors_info=&#8221;{}&#8221;][et_pb_column type=&#8221;4_4&#8243; _builder_version=&#8221;4.22.2&#8243; _module_preset=&#8221;default&#8221; global_colors_info=&#8221;{}&#8221;][et_pb_tabs active_tab_text_color=&#8221;#ffffff&#8221; _builder_version=&#8221;4.23.1&#8243; _module_preset=&#8221;default&#8221; custom_margin=&#8221;0px||||false|false&#8221; custom_margin_tablet=&#8221;64px||||false|false&#8221; custom_margin_phone=&#8221;40px||||false|false&#8221; custom_margin_last_edited=&#8221;off|desktop&#8221; custom_padding=&#8221;80px|0px|80px|0px|true|true&#8221; custom_padding_tablet=&#8221;64px||||false|false&#8221; custom_padding_phone=&#8221;40px|0px||0px|false|true&#8221; custom_padding_last_edited=&#8221;on|desktop&#8221; locked=&#8221;off&#8221; global_colors_info=&#8221;{}&#8221;][et_pb_tab title=&#8221;2024&#8243; _builder_version=&#8221;4.23.1&#8243; _module_preset=&#8221;default&#8221; global_colors_info=&#8221;{}&#8221;]<\/p>\n[et_pb_section global_module=\"2179 \"][\/et_pb_section]\n<p>[\/et_pb_tab][et_pb_tab title=&#8221;2023&#8243; _builder_version=&#8221;4.22.2&#8243; _module_preset=&#8221;default&#8221; global_colors_info=&#8221;{}&#8221;]<\/p>\n[et_pb_section global_module=\"868 \"][\/et_pb_section]\n<p>[\/et_pb_tab][et_pb_tab title=&#8221;Poprzednie edycje&#8221; _builder_version=&#8221;4.22.2&#8243; _module_preset=&#8221;default&#8221; global_colors_info=&#8221;{}&#8221;][et_pb_section global_module=\"1660 \"][\/et_pb_section][\/et_pb_tab][\/et_pb_tabs][\/et_pb_column][\/et_pb_row][\/et_pb_section]<\/p>\n","protected":false},"excerpt":{"rendered":"<p>#FOP25Zapraszamy do obejrzenia galerii zdj\u0119\u0107 z ostatnich edycji Forum Organizacji Pacjent\u00f3w. Nasza galeria oferuje wgl\u0105d w\u00a0dynamiczn\u0105 atmosfer\u0119 wydarzenia, przedstawiaj\u0105c zar\u00f3wno momenty z&nbsp;dyskusji panelowych, jak i\u00a0nieformalne spotkania uczestnik\u00f3w. Zdj\u0119cia ukazuj\u0105 zaanga\u017cowanie i\u00a0pasj\u0119 lider\u00f3w organizacji pacjent\u00f3w oraz ekspert\u00f3w z\u00a0r\u00f3\u017cnych dziedzin, kt\u00f3rzy wsp\u00f3lnie d\u0105\u017c\u0105 do poprawy system\u00f3w ochrony zdrowia. Zapraszamy do zapoznania si\u0119 z\u00a0bogactwem do\u015bwiadcze\u0144 i&nbsp;inspiruj\u0105cymi momentami, kt\u00f3re [&hellip;]<\/p>\n","protected":false},"author":1,"featured_media":0,"parent":0,"menu_order":0,"comment_status":"closed","ping_status":"closed","template":"","meta":{"_et_pb_use_builder":"on","_et_pb_old_content":"","_et_gb_content_width":"","inline_featured_image":false,"footnotes":""},"class_list":["post-800","page","type-page","status-publish","hentry"],"_links":{"self":[{"href":"https:\/\/fop25.pl\/en\/wp-json\/wp\/v2\/pages\/800","targetHints":{"allow":["GET"]}}],"collection":[{"href":"https:\/\/fop25.pl\/en\/wp-json\/wp\/v2\/pages"}],"about":[{"href":"https:\/\/fop25.pl\/en\/wp-json\/wp\/v2\/types\/page"}],"author":[{"embeddable":true,"href":"https:\/\/fop25.pl\/en\/wp-json\/wp\/v2\/users\/1"}],"replies":[{"embeddable":true,"href":"https:\/\/fop25.pl\/en\/wp-json\/wp\/v2\/comments?post=800"}],"version-history":[{"count":26,"href":"https:\/\/fop25.pl\/en\/wp-json\/wp\/v2\/pages\/800\/revisions"}],"predecessor-version":[{"id":2384,"href":"https:\/\/fop25.pl\/en\/wp-json\/wp\/v2\/pages\/800\/revisions\/2384"}],"wp:attachment":[{"href":"https:\/\/fop25.pl\/en\/wp-json\/wp\/v2\/media?parent=800"}],"curies":[{"name":"wp","href":"https:\/\/api.w.org\/{rel}","templated":true}]}}